{"id":397,"date":"2019-09-23T11:39:00","date_gmt":"2019-09-23T11:39:00","guid":{"rendered":"https:\/\/pumpsnabben.nypabbutiken.se\/?post_type=product&#038;p=397"},"modified":"2019-09-23T11:39:16","modified_gmt":"2019-09-23T11:39:16","slug":"vinterjacka-pilotmodell","status":"publish","type":"product","link":"https:\/\/pumpsnabben.nypabbutiken.se\/?product=vinterjacka-pilotmodell","title":{"rendered":"Vinterjacka pilotmodell"},"content":{"rendered":"","protected":false},"excerpt":{"rendered":"<p>I denna klassiska pilotmodell h\u00e5ller du v\u00e4rmen tack vare pil\u00e9fodret samt de quiltade \u00e4rmarna. Bra passform med f\u00f6rb\u00f6jda \u00e4rmar och b\u00e4lg i rygg. Praktiska fickor s\u00e5som br\u00f6stficka med D-ring, telefonficka, \u00e4rmficka med blixtl\u00e5s och pennfickor. Ribbstickad mudd i midja och \u00e4rmavslut samt h\u00f6g krage och kraftigt env\u00e4gsblixtl\u00e5s i plast.<\/p>\n","protected":false},"featured_media":406,"template":"","meta":[],"product_cat":[73],"product_tag":[],"class_list":{"0":"post-397","1":"product","2":"type-product","3":"status-publish","4":"has-post-thumbnail","6":"product_cat-overdel","7":"pa_size-2xl","8":"pa_size-3xl","9":"pa_size-4xl","10":"pa_size-l","11":"pa_size-m","12":"pa_size-s","13":"pa_size-xl","14":"pa_size-xs","16":"first","17":"instock","18":"shipping-taxable","19":"purchasable","20":"product-type-variable"},"_links":{"self":[{"href":"https:\/\/pumpsnabben.nypabbutiken.se\/index.php?rest_route=\/wp\/v2\/product\/397","targetHints":{"allow":["GET"]}}],"collection":[{"href":"https:\/\/pumpsnabben.nypabbutiken.se\/index.php?rest_route=\/wp\/v2\/product"}],"about":[{"href":"https:\/\/pumpsnabben.nypabbutiken.se\/index.php?rest_route=\/wp\/v2\/types\/product"}],"wp:featuredmedia":[{"embeddable":true,"href":"https:\/\/pumpsnabben.nypabbutiken.se\/index.php?rest_route=\/wp\/v2\/media\/406"}],"wp:attachment":[{"href":"https:\/\/pumpsnabben.nypabbutiken.se\/index.php?rest_route=%2Fwp%2Fv2%2Fmedia&parent=397"}],"wp:term":[{"taxonomy":"product_cat","embeddable":true,"href":"https:\/\/pumpsnabben.nypabbutiken.se\/index.php?rest_route=%2Fwp%2Fv2%2Fproduct_cat&post=397"},{"taxonomy":"product_tag","embeddable":true,"href":"https:\/\/pumpsnabben.nypabbutiken.se\/index.php?rest_route=%2Fwp%2Fv2%2Fproduct_tag&post=397"}],"curies":[{"name":"wp","href":"https:\/\/api.w.org\/{rel}","templated":true}]}}